{"id":4838,"date":"2024-08-14T09:15:01","date_gmt":"2024-08-14T09:15:01","guid":{"rendered":"https:\/\/oriolalella.com\/qui-soc\/"},"modified":"2025-03-21T09:45:29","modified_gmt":"2025-03-21T09:45:29","slug":"qui-soc","status":"publish","type":"page","link":"https:\/\/oriolalella.com\/ca\/qui-soc\/","title":{"rendered":"Qui S\u00f3c"},"content":{"rendered":"\t\t<div data-elementor-type=\"wp-page\" data-elementor-id=\"4838\" class=\"elementor elementor-4838 elementor-65\" data-elementor-post-type=\"page\">\n\t\t\t\t<div class=\"elementor-element elementor-element-be5adf7 e-flex e-con-boxed e-con e-parent\" data-id=\"be5adf7\" data-element_type=\"container\">\n\t\t\t\t\t<div class=\"e-con-inner\">\n\t\t<div class=\"elementor-element elementor-element-ced12bd e-con-full e-flex e-con e-child\" data-id=\"ced12bd\" data-element_type=\"container\">\n\t\t\t\t<div class=\"elementor-element elementor-element-8bf229f elementor-widget__width-inherit elementor-widget-mobile__width-inherit elementor-widget elementor-widget-heading\" data-id=\"8bf229f\" data-element_type=\"widget\" data-widget_type=\"heading.default\">\n\t\t\t\t<div class=\"elementor-widget-container\">\n\t\t\t\t\t<h1 class=\"elementor-heading-title elementor-size-default\">qui s\u00f3c<\/h1>\t\t\t\t<\/div>\n\t\t\t\t<\/div>\n\t\t\t\t<\/div>\n\t\t\t\t\t<\/div>\n\t\t\t\t<\/div>\n\t\t<div class=\"elementor-element elementor-element-c653c9e e-con-full e-flex e-con e-parent\" data-id=\"c653c9e\" data-element_type=\"container\">\n\t\t<div class=\"elementor-element elementor-element-463c245 e-con-full e-flex e-con e-child\" data-id=\"463c245\" data-element_type=\"container\">\n\t\t\t\t<div class=\"elementor-element elementor-element-1b4f739 elementor-widget__width-initial elementor-widget elementor-widget-text-editor\" data-id=\"1b4f739\" data-element_type=\"widget\" data-widget_type=\"text-editor.default\">\n\t\t\t\t<div class=\"elementor-widget-container\">\n\t\t\t\t\t\t\t\t\t<p class=\"p1\">Si em preguntes a qu\u00e8 em dedico, et diria que s\u00f3c un artista de la fotografia, que m&#8217;agrada innovar, experimentar i que m&#8217;agrada m\u00e9s.<\/p>\n<p class=\"p1\">Per\u00f2 si em preguntes qui s\u00f3c, et puc dir que s\u00f3c alg\u00fa observador, curi\u00f3s i atent amb la sort de poder fer all\u00f2 que m&#8217;agrada m\u00e9s.&nbsp;<\/p>\n<p class=\"p1\">S\u00f3c d&#8217;aquelles persones rares que els agrada la seva feina.<\/p>\n<p class=\"p1\"><span style=\"text-align: var(--text-align);\">Des de fa alguns anys, he estat contractat per fer fotos a Barcelona, \u200b\u200bla meva ciutat natal, per\u00f2 tamb\u00e9 a Washington (Estats Units), Brisbane (Austr\u00e0lia), Leipzig (Alemanya), he fet casaments a Londres, Madrid, Cadis, Braga (Portugal), a m\u00e9s de tot Catalunya, per\u00f2 sobretot per les prov\u00edncies de Barcelona i Girona.<\/span><\/p>\n<p class=\"p1\"><span style=\"color: var( --e-global-color-text ); text-align: var(--text-align);\">El m\u00f3n de la fotografia de casament m&#8217;ha perm\u00e8s poder fotografiar el que vull i de la manera que vull persones que generalment s&#8217;estimen, cosa que \u00e9s una combinaci\u00f3 perfecta per a mi.<\/span><\/p><p class=\"p1\"><span style=\"color: var( --e-global-color-text ); text-align: var(--text-align);\">Com va dir un fot\u00f2graf fam\u00f3s, una fotografia bonica es compon de 3 factors simples: un lloc bonic, amb unes persones boniques i que facin alguna cosa bonica. No falla. <\/span><\/p>\n<p class=\"p1\"><span style=\"color: var( --e-global-color-text ); text-align: var(--text-align);\">Concebo la fotografia de casaments com la conjunci\u00f3 dels meus dos apartats preferits dins del que seria l&#8217;art de la fotografia, que \u00e9s la fotografia d&#8217;esdeveniments sumat a la fotografia de retrat.&nbsp;<\/span><\/p>\n<p class=\"p1\"><span style=\"color: var( --e-global-color-text ); text-align: var(--text-align);\">Un casament, fotogr\u00e0ficament parlant, per mi no pot ser m\u00e9s ideal.<\/span><\/p>\t\t\t\t\t\t\t\t<\/div>\n\t\t\t\t<\/div>\n\t\t\t\t<div class=\"elementor-element elementor-element-baffe27 elementor-align-center elementor-widget elementor-widget-button\" data-id=\"baffe27\" data-element_type=\"widget\" data-widget_type=\"button.default\">\n\t\t\t\t<div class=\"elementor-widget-container\">\n\t\t\t\t\t\t\t\t\t<div class=\"elementor-button-wrapper\">\n\t\t\t\t\t<a class=\"elementor-button elementor-button-link elementor-size-sm\" href=\"https:\/\/oriolalella.com\/ca\/contacte\/\">\n\t\t\t\t\t\t<span class=\"elementor-button-content-wrapper\">\n\t\t\t\t\t\t\t\t\t<span class=\"elementor-button-text\">Contacta amb mi<\/span>\n\t\t\t\t\t<\/span>\n\t\t\t\t\t<\/a>\n\t\t\t\t<\/div>\n\t\t\t\t\t\t\t\t<\/div>\n\t\t\t\t<\/div>\n\t\t\t\t<\/div>\n\t\t<div class=\"elementor-element elementor-element-52f98f0 e-con-full e-flex e-con e-child\" data-id=\"52f98f0\" data-element_type=\"container\">\n\t\t\t\t<div class=\"elementor-element elementor-element-cf7a706 elementor-widget__width-initial elementor-widget elementor-widget-image\" data-id=\"cf7a706\" data-element_type=\"widget\" data-widget_type=\"image.default\">\n\t\t\t\t<div class=\"elementor-widget-container\">\n\t\t\t\t\t\t\t\t\t\t\t\t\t\t\t<img fetchpriority=\"high\" decoding=\"async\" width=\"863\" height=\"1536\" src=\"https:\/\/oriolalella.com\/wp-content\/uploads\/2025\/03\/DJI_0047-863x1536.jpg\" class=\"attachment-1536x1536 size-1536x1536 wp-image-4868\" alt=\"\" srcset=\"https:\/\/oriolalella.com\/wp-content\/uploads\/2025\/03\/DJI_0047-863x1536.jpg 863w, https:\/\/oriolalella.com\/wp-content\/uploads\/2025\/03\/DJI_0047-169x300.jpg 169w, https:\/\/oriolalella.com\/wp-content\/uploads\/2025\/03\/DJI_0047-576x1024.jpg 576w, https:\/\/oriolalella.com\/wp-content\/uploads\/2025\/03\/DJI_0047-768x1367.jpg 768w, https:\/\/oriolalella.com\/wp-content\/uploads\/2025\/03\/DJI_0047.jpg 1151w\" sizes=\"(max-width: 863px) 100vw, 863px\" \/>\t\t\t\t\t\t\t\t\t\t\t\t\t\t\t<\/div>\n\t\t\t\t<\/div>\n\t\t<div class=\"elementor-element elementor-element-d640bc2 e-con-full e-flex e-con e-child\" data-id=\"d640bc2\" data-element_type=\"container\" data-settings=\"{&quot;background_background&quot;:&quot;classic&quot;}\">\n\t\t\t\t<div class=\"elementor-element elementor-element-c36c6a2 elementor-widget elementor-widget-text-editor\" data-id=\"c36c6a2\" data-element_type=\"widget\" data-widget_type=\"text-editor.default\">\n\t\t\t\t<div class=\"elementor-widget-container\">\n\t\t\t\t\t\t\t\t\t<p><span style=\"font-weight: 400;\">&#8220;Talent is an excuse we give ourselves to excuse us for not being as good as somebody else.&#8221;<\/span><\/p>\n\t\t\t\t\t\t\t\t<\/div>\n\t\t\t\t<\/div>\n\t\t\t\t<div class=\"elementor-element elementor-element-11557ac elementor-widget elementor-widget-text-editor\" data-id=\"11557ac\" data-element_type=\"widget\" data-widget_type=\"text-editor.default\">\n\t\t\t\t<div class=\"elementor-widget-container\">\n\t\t\t\t\t\t\t\t\t<p>&#8211; Roberto Valenzuela<\/p>\n\t\t\t\t\t\t\t\t<\/div>\n\t\t\t\t<\/div>\n\t\t\t\t<\/div>\n\t\t\t\t<\/div>\n\t\t\t\t<\/div>\n\t\t\t\t<\/div>\n\t\t","protected":false},"excerpt":{"rendered":"<p>qui s\u00f3c Si em preguntes a qu\u00e8 em dedico, et diria que s\u00f3c un artista de la fotografia, que m&#8217;agrada innovar, experimentar i que m&#8217;agrada m\u00e9s. Per\u00f2 si em preguntes qui s\u00f3c, et puc dir que s\u00f3c alg\u00fa observador, curi\u00f3s i atent amb la sort de poder fer all\u00f2 que m&#8217;agrada m\u00e9s.&nbsp; S\u00f3c d&#8217;aquelles persones [&hellip;]<\/p>\n","protected":false},"author":2,"featured_media":0,"parent":0,"menu_order":0,"comment_status":"closed","ping_status":"closed","template":"","meta":{"footnotes":""},"class_list":["post-4838","page","type-page","status-publish","hentry"],"_links":{"self":[{"href":"https:\/\/oriolalella.com\/ca\/wp-json\/wp\/v2\/pages\/4838","targetHints":{"allow":["GET"]}}],"collection":[{"href":"https:\/\/oriolalella.com\/ca\/wp-json\/wp\/v2\/pages"}],"about":[{"href":"https:\/\/oriolalella.com\/ca\/wp-json\/wp\/v2\/types\/page"}],"author":[{"embeddable":true,"href":"https:\/\/oriolalella.com\/ca\/wp-json\/wp\/v2\/users\/2"}],"replies":[{"embeddable":true,"href":"https:\/\/oriolalella.com\/ca\/wp-json\/wp\/v2\/comments?post=4838"}],"version-history":[{"count":2,"href":"https:\/\/oriolalella.com\/ca\/wp-json\/wp\/v2\/pages\/4838\/revisions"}],"predecessor-version":[{"id":4873,"href":"https:\/\/oriolalella.com\/ca\/wp-json\/wp\/v2\/pages\/4838\/revisions\/4873"}],"wp:attachment":[{"href":"https:\/\/oriolalella.com\/ca\/wp-json\/wp\/v2\/media?parent=4838"}],"curies":[{"name":"wp","href":"https:\/\/api.w.org\/{rel}","templated":true}]}}