{"id":4845,"date":"2024-08-14T10:00:51","date_gmt":"2024-08-14T10:00:51","guid":{"rendered":"https:\/\/oriolalella.com\/contacte\/"},"modified":"2025-10-06T17:28:28","modified_gmt":"2025-10-06T17:28:28","slug":"contacte","status":"publish","type":"page","link":"https:\/\/oriolalella.com\/ca\/contacte\/","title":{"rendered":"Contacte"},"content":{"rendered":"\t\t<div data-elementor-type=\"wp-page\" data-elementor-id=\"4845\" class=\"elementor elementor-4845 elementor-96\" data-elementor-post-type=\"page\">\n\t\t\t\t<div class=\"elementor-element elementor-element-f36dba9 e-flex e-con-boxed e-con e-parent\" data-id=\"f36dba9\" data-element_type=\"container\">\n\t\t\t\t\t<div class=\"e-con-inner\">\n\t\t<div class=\"elementor-element elementor-element-f4b34ad e-con-full e-flex e-con e-child\" data-id=\"f4b34ad\" data-element_type=\"container\">\n\t\t\t\t<div class=\"elementor-element elementor-element-6e895bc elementor-widget__width-inherit elementor-widget-mobile__width-inherit elementor-widget elementor-widget-heading\" data-id=\"6e895bc\" data-element_type=\"widget\" data-widget_type=\"heading.default\">\n\t\t\t\t<div class=\"elementor-widget-container\">\n\t\t\t\t\t<h1 class=\"elementor-heading-title elementor-size-default\">contacte<\/h1>\t\t\t\t<\/div>\n\t\t\t\t<\/div>\n\t\t\t\t<\/div>\n\t\t\t\t\t<\/div>\n\t\t\t\t<\/div>\n\t\t<div class=\"elementor-element elementor-element-c5c7de4 e-con-full e-flex e-con e-parent\" data-id=\"c5c7de4\" data-element_type=\"container\">\n\t\t<div class=\"elementor-element elementor-element-d4d7459 e-con-full e-flex e-con e-child\" data-id=\"d4d7459\" data-element_type=\"container\">\n\t\t\t\t<div class=\"elementor-element elementor-element-cf7a706 elementor-widget__width-initial elementor-widget elementor-widget-image\" data-id=\"cf7a706\" data-element_type=\"widget\" data-widget_type=\"image.default\">\n\t\t\t\t<div class=\"elementor-widget-container\">\n\t\t\t\t\t\t\t\t\t\t\t\t\t\t\t<img fetchpriority=\"high\" decoding=\"async\" width=\"1536\" height=\"1025\" src=\"https:\/\/oriolalella.com\/wp-content\/uploads\/2025\/02\/DSC_0921-1536x1025.jpg\" class=\"attachment-1536x1536 size-1536x1536 wp-image-1145\" alt=\"\" srcset=\"https:\/\/oriolalella.com\/wp-content\/uploads\/2025\/02\/DSC_0921-1536x1025.jpg 1536w, https:\/\/oriolalella.com\/wp-content\/uploads\/2025\/02\/DSC_0921-300x200.jpg 300w, https:\/\/oriolalella.com\/wp-content\/uploads\/2025\/02\/DSC_0921-1024x684.jpg 1024w, https:\/\/oriolalella.com\/wp-content\/uploads\/2025\/02\/DSC_0921-768x513.jpg 768w, https:\/\/oriolalella.com\/wp-content\/uploads\/2025\/02\/DSC_0921.jpg 2048w\" sizes=\"(max-width: 1536px) 100vw, 1536px\" \/>\t\t\t\t\t\t\t\t\t\t\t\t\t\t\t<\/div>\n\t\t\t\t<\/div>\n\t\t<div class=\"elementor-element elementor-element-a912e78 e-con-full e-flex e-con e-child\" data-id=\"a912e78\" data-element_type=\"container\" data-settings=\"{&quot;background_background&quot;:&quot;classic&quot;}\">\n\t\t\t\t<div class=\"elementor-element elementor-element-a7d43f3 elementor-widget__width-inherit elementor-widget-mobile__width-inherit elementor-widget elementor-widget-heading\" data-id=\"a7d43f3\" data-element_type=\"widget\" data-widget_type=\"heading.default\">\n\t\t\t\t<div class=\"elementor-widget-container\">\n\t\t\t\t\t<h1 class=\"elementor-heading-title elementor-size-default\">Omple el seg\u00fcent formulari per obtenir m\u00e9s informaci\u00f3 sobre els packs de casament que ofereixo i preus<\/h1>\t\t\t\t<\/div>\n\t\t\t\t<\/div>\n\t\t\t\t<\/div>\n\t\t\t\t<div class=\"elementor-element elementor-element-2214af1 elementor-button-align-start elementor-widget elementor-widget-form\" data-id=\"2214af1\" data-element_type=\"widget\" data-settings=\"{&quot;button_width&quot;:&quot;20&quot;,&quot;step_next_label&quot;:&quot;Seg\\u00fcent&quot;,&quot;step_previous_label&quot;:&quot;Anterior&quot;,&quot;step_type&quot;:&quot;number_text&quot;,&quot;step_icon_shape&quot;:&quot;circle&quot;}\" data-widget_type=\"form.default\">\n\t\t\t\t<div class=\"elementor-widget-container\">\n\t\t\t\t\t\t\t<form class=\"elementor-form\" method=\"post\" name=\"Nou formulari\" aria-label=\"Nou formulari\">\n\t\t\t<input type=\"hidden\" name=\"post_id\" value=\"4845\"\/>\n\t\t\t<input type=\"hidden\" name=\"form_id\" value=\"2214af1\"\/>\n\t\t\t<input type=\"hidden\" name=\"referer_title\" value=\"Contacte |\" \/>\n\n\t\t\t\t\t\t\t<input type=\"hidden\" name=\"queried_id\" value=\"4845\"\/>\n\t\t\t\n\t\t\t<div class=\"elementor-form-fields-wrapper elementor-labels-above\">\n\t\t\t\t\t\t\t\t<div class=\"elementor-field-type-text elementor-field-group elementor-column elementor-field-group-name elementor-col-50 elementor-field-required\">\n\t\t\t\t\t\t\t\t\t\t\t\t<label for=\"form-field-name\" class=\"elementor-field-label\">\n\t\t\t\t\t\t\t\tNom\t\t\t\t\t\t\t<\/label>\n\t\t\t\t\t\t\t\t\t\t\t\t\t\t<input size=\"1\" type=\"text\" name=\"form_fields[name]\" id=\"form-field-name\" class=\"elementor-field elementor-size-sm  elementor-field-textual\" placeholder=\"El teu nom\" required=\"required\">\n\t\t\t\t\t\t\t\t\t\t\t<\/div>\n\t\t\t\t\t\t\t\t<div class=\"elementor-field-type-email elementor-field-group elementor-column elementor-field-group-email elementor-col-50 elementor-field-required\">\n\t\t\t\t\t\t\t\t\t\t\t\t<label for=\"form-field-email\" class=\"elementor-field-label\">\n\t\t\t\t\t\t\t\tCorreu electr\u00f2nic\t\t\t\t\t\t\t<\/label>\n\t\t\t\t\t\t\t\t\t\t\t\t\t\t<input size=\"1\" type=\"email\" name=\"form_fields[email]\" id=\"form-field-email\" class=\"elementor-field elementor-size-sm  elementor-field-textual\" placeholder=\"email@exemple.com\" required=\"required\">\n\t\t\t\t\t\t\t\t\t\t\t<\/div>\n\t\t\t\t\t\t\t\t<div class=\"elementor-field-type-textarea elementor-field-group elementor-column elementor-field-group-mensaje elementor-col-100\">\n\t\t\t\t\t\t\t\t\t\t\t\t<label for=\"form-field-mensaje\" class=\"elementor-field-label\">\n\t\t\t\t\t\t\t\tMissatge\t\t\t\t\t\t\t<\/label>\n\t\t\t\t\t\t<textarea class=\"elementor-field-textual elementor-field  elementor-size-sm\" name=\"form_fields[mensaje]\" id=\"form-field-mensaje\" rows=\"5\" placeholder=\"Hola Oriol! Estar\u00edem interessats en els teus serveis de fotografia. Ens podries informar sobre els teus packs i preus?  \"><\/textarea>\t\t\t\t<\/div>\n\t\t\t\t\t\t\t\t<div class=\"elementor-field-type-acceptance elementor-field-group elementor-column elementor-field-group-field_476c8c9 elementor-col-100 elementor-field-required\">\n\t\t\t\t\t\t\t<div class=\"elementor-field-subgroup\">\n\t\t\t<span class=\"elementor-field-option\">\n\t\t\t\t<input type=\"checkbox\" name=\"form_fields[field_476c8c9]\" id=\"form-field-field_476c8c9\" class=\"elementor-field elementor-size-sm  elementor-acceptance-field\" required=\"required\">\n\t\t\t\t<label for=\"form-field-field_476c8c9\"><span style=\"font-size:13px;\">He llegit i accepto la <a href=\"https:\/\/oriolalella.com\/politica-de-privacidad\/\" style=\"text-decoration: underline;\">pol\u00edtica de privadesa<\/a> .*<\/span><\/label>\t\t\t<\/span>\n\t\t<\/div>\n\t\t\t\t\t\t<\/div>\n\t\t\t\t\t\t\t\t<div class=\"elementor-field-group elementor-column elementor-field-type-submit elementor-col-20 e-form__buttons\">\n\t\t\t\t\t<button class=\"elementor-button elementor-size-sm\" type=\"submit\">\n\t\t\t\t\t\t<span class=\"elementor-button-content-wrapper\">\n\t\t\t\t\t\t\t\t\t\t\t\t\t\t\t\t\t\t\t\t\t\t<span class=\"elementor-button-text\">Enviar<\/span>\n\t\t\t\t\t\t\t\t\t\t\t\t\t<\/span>\n\t\t\t\t\t<\/button>\n\t\t\t\t<\/div>\n\t\t\t<\/div>\n\t\t<\/form>\n\t\t\t\t\t\t<\/div>\n\t\t\t\t<\/div>\n\t\t\t\t<\/div>\n\t\t\t\t<\/div>\n\t\t<div class=\"elementor-element elementor-element-d3eebd9 e-flex e-con-boxed e-con e-parent\" data-id=\"d3eebd9\" data-element_type=\"container\">\n\t\t\t\t\t<div class=\"e-con-inner\">\n\t\t<div class=\"elementor-element elementor-element-c630c09 e-con-full e-flex e-con e-child\" data-id=\"c630c09\" data-element_type=\"container\" data-settings=\"{&quot;background_background&quot;:&quot;classic&quot;}\">\n\t\t\t\t<div class=\"elementor-element elementor-element-94d7915 elementor-view-stacked elementor-position-inline-start elementor-mobile-position-inline-start elementor-shape-circle elementor-widget elementor-widget-icon-box\" data-id=\"94d7915\" data-element_type=\"widget\" data-widget_type=\"icon-box.default\">\n\t\t\t\t<div class=\"elementor-widget-container\">\n\t\t\t\t\t\t\t<div class=\"elementor-icon-box-wrapper\">\n\n\t\t\t\t\t\t<div class=\"elementor-icon-box-icon\">\n\t\t\t\t<a href=\"tel:+34666448370\" class=\"elementor-icon\" tabindex=\"-1\" aria-label=\"666 44 83 70\">\n\t\t\t\t<svg aria-hidden=\"true\" class=\"e-font-icon-svg e-fab-whatsapp\" viewBox=\"0 0 448 512\" xmlns=\"http:\/\/www.w3.org\/2000\/svg\"><path d=\"M380.9 97.1C339 55.1 283.2 32 223.9 32c-122.4 0-222 99.6-222 222 0 39.1 10.2 77.3 29.6 111L0 480l117.7-30.9c32.4 17.7 68.9 27 106.1 27h.1c122.3 0 224.1-99.6 224.1-222 0-59.3-25.2-115-67.1-157zm-157 341.6c-33.2 0-65.7-8.9-94-25.7l-6.7-4-69.8 18.3L72 359.2l-4.4-7c-18.5-29.4-28.2-63.3-28.2-98.2 0-101.7 82.8-184.5 184.6-184.5 49.3 0 95.6 19.2 130.4 54.1 34.8 34.9 56.2 81.2 56.1 130.5 0 101.8-84.9 184.6-186.6 184.6zm101.2-138.2c-5.5-2.8-32.8-16.2-37.9-18-5.1-1.9-8.8-2.8-12.5 2.8-3.7 5.6-14.3 18-17.6 21.8-3.2 3.7-6.5 4.2-12 1.4-32.6-16.3-54-29.1-75.5-66-5.7-9.8 5.7-9.1 16.3-30.3 1.8-3.7.9-6.9-.5-9.7-1.4-2.8-12.5-30.1-17.1-41.2-4.5-10.8-9.1-9.3-12.5-9.5-3.2-.2-6.9-.2-10.6-.2-3.7 0-9.7 1.4-14.8 6.9-5.1 5.6-19.4 19-19.4 46.3 0 27.3 19.9 53.7 22.6 57.4 2.8 3.7 39.1 59.7 94.8 83.8 35.2 15.2 49 16.5 66.6 13.9 10.7-1.6 32.8-13.4 37.4-26.4 4.6-13 4.6-24.1 3.2-26.4-1.3-2.5-5-3.9-10.5-6.6z\"><\/path><\/svg>\t\t\t\t<\/a>\n\t\t\t<\/div>\n\t\t\t\n\t\t\t\t\t\t<div class=\"elementor-icon-box-content\">\n\n\t\t\t\t\t\t\t\t\t<h3 class=\"elementor-icon-box-title\">\n\t\t\t\t\t\t<a href=\"tel:+34666448370\" >\n\t\t\t\t\t\t\t666 44 83 70\t\t\t\t\t\t<\/a>\n\t\t\t\t\t<\/h3>\n\t\t\t\t\n\t\t\t\t\n\t\t\t<\/div>\n\t\t\t\n\t\t<\/div>\n\t\t\t\t\t\t<\/div>\n\t\t\t\t<\/div>\n\t\t\t\t<div class=\"elementor-element elementor-element-f5b2147 elementor-view-stacked elementor-position-inline-start elementor-mobile-position-inline-start elementor-shape-circle elementor-widget elementor-widget-icon-box\" data-id=\"f5b2147\" data-element_type=\"widget\" data-widget_type=\"icon-box.default\">\n\t\t\t\t<div class=\"elementor-widget-container\">\n\t\t\t\t\t\t\t<div class=\"elementor-icon-box-wrapper\">\n\n\t\t\t\t\t\t<div class=\"elementor-icon-box-icon\">\n\t\t\t\t<a href=\"https:\/\/www.instagram.com\/oriolalella\/\" target=\"_blank\" class=\"elementor-icon\" tabindex=\"-1\" aria-label=\"@oriolalella\" rel=\"noopener\">\n\t\t\t\t<svg xmlns=\"http:\/\/www.w3.org\/2000\/svg\" width=\"37\" height=\"37\" viewBox=\"0 0 37 37\" fill=\"none\"><path d=\"M18.4998 12.6419C15.2743 12.6419 12.6419 15.2743 12.6419 18.4998C12.6419 21.7254 15.2743 24.3578 18.4998 24.3578C21.7254 24.3578 24.3578 21.7254 24.3578 18.4998C24.3578 15.2743 21.7254 12.6419 18.4998 12.6419ZM36.0692 18.4998C36.0692 16.0741 36.0912 13.6703 35.9549 11.2489C35.8187 8.43637 35.1771 5.94027 33.1204 3.88363C31.0594 1.8226 28.5677 1.18539 25.7552 1.04916C23.3294 0.912928 20.9256 0.934901 18.5042 0.934901C16.0785 0.934901 13.6746 0.912928 11.2533 1.04916C8.44076 1.18539 5.94467 1.82699 3.88803 3.88363C1.82699 5.94467 1.18978 8.43637 1.05355 11.2489C0.917323 13.6746 0.939295 16.0785 0.939295 18.4998C0.939295 20.9212 0.917323 23.3294 1.05355 25.7508C1.18978 28.5633 1.83139 31.0594 3.88803 33.1161C5.94906 35.1771 8.44076 35.8143 11.2533 35.9505C13.679 36.0868 16.0828 36.0648 18.5042 36.0648C20.93 36.0648 23.3338 36.0868 25.7552 35.9505C28.5677 35.8143 31.0638 35.1727 33.1204 33.1161C35.1815 31.055 35.8187 28.5633 35.9549 25.7508C36.0955 23.3294 36.0692 20.9256 36.0692 18.4998ZM18.4998 27.513C13.512 27.513 9.48666 23.4876 9.48666 18.4998C9.48666 13.512 13.512 9.48666 18.4998 9.48666C23.4876 9.48666 27.513 13.512 27.513 18.4998C27.513 23.4876 23.4876 27.513 18.4998 27.513ZM27.8822 11.2225C26.7176 11.2225 25.7772 10.2821 25.7772 9.11752C25.7772 7.95297 26.7176 7.01254 27.8822 7.01254C29.0467 7.01254 29.9871 7.95297 29.9871 9.11752C29.9875 9.39405 29.9333 9.66792 29.8276 9.92347C29.722 10.179 29.5669 10.4112 29.3714 10.6067C29.1759 10.8023 28.9437 10.9573 28.6881 11.063C28.4326 11.1686 28.1587 11.2228 27.8822 11.2225Z\" fill=\"#262626\"><\/path><\/svg>\t\t\t\t<\/a>\n\t\t\t<\/div>\n\t\t\t\n\t\t\t\t\t\t<div class=\"elementor-icon-box-content\">\n\n\t\t\t\t\t\t\t\t\t<h3 class=\"elementor-icon-box-title\">\n\t\t\t\t\t\t<a href=\"https:\/\/www.instagram.com\/oriolalella\/\" target=\"_blank\" rel=\"noopener\">\n\t\t\t\t\t\t\t@oriolalella\t\t\t\t\t\t<\/a>\n\t\t\t\t\t<\/h3>\n\t\t\t\t\n\t\t\t\t\n\t\t\t<\/div>\n\t\t\t\n\t\t<\/div>\n\t\t\t\t\t\t<\/div>\n\t\t\t\t<\/div>\n\t\t\t\t<div class=\"elementor-element elementor-element-204a210 elementor-view-stacked elementor-position-inline-start elementor-mobile-position-inline-start elementor-shape-circle elementor-widget elementor-widget-icon-box\" data-id=\"204a210\" data-element_type=\"widget\" data-widget_type=\"icon-box.default\">\n\t\t\t\t<div class=\"elementor-widget-container\">\n\t\t\t\t\t\t\t<div class=\"elementor-icon-box-wrapper\">\n\n\t\t\t\t\t\t<div class=\"elementor-icon-box-icon\">\n\t\t\t\t<a href=\"mailto:info@oriolalellafotografia.com\" class=\"elementor-icon\" tabindex=\"-1\" aria-label=\"  info@oriolalellafotografia.com\">\n\t\t\t\t<svg aria-hidden=\"true\" class=\"e-font-icon-svg e-fas-envelope\" viewBox=\"0 0 512 512\" xmlns=\"http:\/\/www.w3.org\/2000\/svg\"><path d=\"M502.3 190.8c3.9-3.1 9.7-.2 9.7 4.7V400c0 26.5-21.5 48-48 48H48c-26.5 0-48-21.5-48-48V195.6c0-5 5.7-7.8 9.7-4.7 22.4 17.4 52.1 39.5 154.1 113.6 21.1 15.4 56.7 47.8 92.2 47.6 35.7.3 72-32.8 92.3-47.6 102-74.1 131.6-96.3 154-113.7zM256 320c23.2.4 56.6-29.2 73.4-41.4 132.7-96.3 142.8-104.7 173.4-128.7 5.8-4.5 9.2-11.5 9.2-18.9v-19c0-26.5-21.5-48-48-48H48C21.5 64 0 85.5 0 112v19c0 7.4 3.4 14.3 9.2 18.9 30.6 23.9 40.7 32.4 173.4 128.7 16.8 12.2 50.2 41.8 73.4 41.4z\"><\/path><\/svg>\t\t\t\t<\/a>\n\t\t\t<\/div>\n\t\t\t\n\t\t\t\t\t\t<div class=\"elementor-icon-box-content\">\n\n\t\t\t\t\t\t\t\t\t<h3 class=\"elementor-icon-box-title\">\n\t\t\t\t\t\t<a href=\"mailto:info@oriolalellafotografia.com\" >\n\t\t\t\t\t\t\t  info@oriolalellafotografia.com\t\t\t\t\t\t<\/a>\n\t\t\t\t\t<\/h3>\n\t\t\t\t\n\t\t\t\t\n\t\t\t<\/div>\n\t\t\t\n\t\t<\/div>\n\t\t\t\t\t\t<\/div>\n\t\t\t\t<\/div>\n\t\t\t\t<\/div>\n\t\t\t\t\t<\/div>\n\t\t\t\t<\/div>\n\t\t\t\t<\/div>\n\t\t","protected":false},"excerpt":{"rendered":"<p>contacte Omple el seg\u00fcent formulari per obtenir m\u00e9s informaci\u00f3 sobre els packs de casament que ofereixo i preus 666 44 83 70 @oriolalella info@oriolalellafotografia.com<\/p>\n","protected":false},"author":2,"featured_media":0,"parent":0,"menu_order":0,"comment_status":"closed","ping_status":"closed","template":"","meta":{"footnotes":""},"class_list":["post-4845","page","type-page","status-publish","hentry"],"_links":{"self":[{"href":"https:\/\/oriolalella.com\/ca\/wp-json\/wp\/v2\/pages\/4845","targetHints":{"allow":["GET"]}}],"collection":[{"href":"https:\/\/oriolalella.com\/ca\/wp-json\/wp\/v2\/pages"}],"about":[{"href":"https:\/\/oriolalella.com\/ca\/wp-json\/wp\/v2\/types\/page"}],"author":[{"embeddable":true,"href":"https:\/\/oriolalella.com\/ca\/wp-json\/wp\/v2\/users\/2"}],"replies":[{"embeddable":true,"href":"https:\/\/oriolalella.com\/ca\/wp-json\/wp\/v2\/comments?post=4845"}],"version-history":[{"count":2,"href":"https:\/\/oriolalella.com\/ca\/wp-json\/wp\/v2\/pages\/4845\/revisions"}],"predecessor-version":[{"id":4923,"href":"https:\/\/oriolalella.com\/ca\/wp-json\/wp\/v2\/pages\/4845\/revisions\/4923"}],"wp:attachment":[{"href":"https:\/\/oriolalella.com\/ca\/wp-json\/wp\/v2\/media?parent=4845"}],"curies":[{"name":"wp","href":"https:\/\/api.w.org\/{rel}","templated":true}]}}